{"id":486,"date":"2021-04-29T07:04:40","date_gmt":"2021-04-29T07:04:40","guid":{"rendered":"http:\/\/bienetre-naturel.com\/index.php\/about\/"},"modified":"2025-11-03T23:56:22","modified_gmt":"2025-11-03T22:56:22","slug":"about","status":"publish","type":"page","link":"https:\/\/bienetre-naturel.com\/index.php\/about\/","title":{"rendered":"Transg\u00e9n\u00e9rationnel"},"content":{"rendered":"\t\t<div data-elementor-type=\"wp-page\" data-elementor-id=\"486\" class=\"elementor elementor-486\">\n\t\t\t\t\t\t<section class=\"elementor-section elementor-top-section elementor-element elementor-element-fa5744c elementor-section-content-middle elementor-section-boxed elementor-section-height-default elementor-section-height-default\" data-id=\"fa5744c\" data-element_type=\"section\" data-e-type=\"section\" data-settings=\"{&quot;background_background&quot;:&quot;classic&quot;}\">\n\t\t\t\t\t\t\t<div class=\"elementor-background-overlay\"><\/div>\n\t\t\t\t\t\t\t<div class=\"elementor-container elementor-column-gap-default\">\n\t\t\t\t\t<div class=\"elementor-column elementor-col-100 elementor-top-column elementor-element elementor-element-238a563\" data-id=\"238a563\" data-element_type=\"column\" data-e-type=\"column\">\n\t\t\t<div class=\"elementor-widget-wrap elementor-element-populated\">\n\t\t\t\t\t\t<div class=\"elementor-element elementor-element-ae00a22 elementor-widget elementor-widget-heading\" data-id=\"ae00a22\" data-element_type=\"widget\" data-e-type=\"widget\" data-widget_type=\"heading.default\">\n\t\t\t\t<div class=\"elementor-widget-container\">\n\t\t\t\t\t<h1 class=\"elementor-heading-title elementor-size-default\">Transg\u00e9n\u00e9rationnel<\/h1>\t\t\t\t<\/div>\n\t\t\t\t<\/div>\n\t\t\t\t\t<\/div>\n\t\t<\/div>\n\t\t\t\t\t<\/div>\n\t\t<\/section>\n\t\t\t\t<section class=\"elementor-section elementor-top-section elementor-element elementor-element-5f9992e elementor-section-boxed elementor-section-height-default elementor-section-height-default\" data-id=\"5f9992e\" data-element_type=\"section\" data-e-type=\"section\">\n\t\t\t\t\t\t<div class=\"elementor-container elementor-column-gap-default\">\n\t\t\t\t\t<div class=\"elementor-column elementor-col-100 elementor-top-column elementor-element elementor-element-f02686e\" data-id=\"f02686e\" data-element_type=\"column\" data-e-type=\"column\">\n\t\t\t<div class=\"elementor-widget-wrap elementor-element-populated\">\n\t\t\t\t\t\t<div class=\"elementor-element elementor-element-3ef167b elementor-widget elementor-widget-heading\" data-id=\"3ef167b\" data-element_type=\"widget\" data-e-type=\"widget\" data-widget_type=\"heading.default\">\n\t\t\t\t<div class=\"elementor-widget-container\">\n\t\t\t\t\t<h2 class=\"elementor-heading-title elementor-size-default\">Explorer sa lign\u00e9e familiale pour mieux se conna\u00eetre.\u200b<\/h2>\t\t\t\t<\/div>\n\t\t\t\t<\/div>\n\t\t\t\t\t<\/div>\n\t\t<\/div>\n\t\t\t\t\t<\/div>\n\t\t<\/section>\n\t\t\t\t<section class=\"elementor-section elementor-top-section elementor-element elementor-element-d6cd856 elementor-section-boxed elementor-section-height-default elementor-section-height-default\" data-id=\"d6cd856\" data-element_type=\"section\" data-e-type=\"section\">\n\t\t\t\t\t\t<div class=\"elementor-container elementor-column-gap-default\">\n\t\t\t\t\t<div class=\"elementor-column elementor-col-100 elementor-top-column elementor-element elementor-element-b2a2e00\" data-id=\"b2a2e00\" data-element_type=\"column\" data-e-type=\"column\">\n\t\t\t<div class=\"elementor-widget-wrap\">\n\t\t\t\t\t\t\t<\/div>\n\t\t<\/div>\n\t\t\t\t\t<\/div>\n\t\t<\/section>\n\t\t\t\t<section class=\"elementor-section elementor-top-section elementor-element elementor-element-1d3fcec elementor-section-boxed elementor-section-height-default elementor-section-height-default\" data-id=\"1d3fcec\" data-element_type=\"section\" data-e-type=\"section\">\n\t\t\t\t\t\t<div class=\"elementor-container elementor-column-gap-default\">\n\t\t\t\t\t<div class=\"elementor-column elementor-col-100 elementor-top-column elementor-element elementor-element-ca6989b\" data-id=\"ca6989b\" data-element_type=\"column\" data-e-type=\"column\">\n\t\t\t<div class=\"elementor-widget-wrap elementor-element-populated\">\n\t\t\t\t\t\t<div class=\"elementor-element elementor-element-6163131 elementor-widget elementor-widget-image\" data-id=\"6163131\" data-element_type=\"widget\" data-e-type=\"widget\" data-widget_type=\"image.default\">\n\t\t\t\t<div class=\"elementor-widget-container\">\n\t\t\t\t\t\t\t\t\t\t\t\t\t\t\t<img fetchpriority=\"high\" decoding=\"async\" width=\"1023\" height=\"840\" src=\"https:\/\/bienetre-naturel.com\/wp-content\/uploads\/2025\/11\/20251101_221448.jpg\" class=\"attachment-large size-large wp-image-1864\" alt=\"Transg\u00e9n\u00e9rationel, anc\u00eatres, le bien \u00eatre au naturel, mieux \u00eatre\" srcset=\"https:\/\/bienetre-naturel.com\/wp-content\/uploads\/2025\/11\/20251101_221448.jpg 1023w, https:\/\/bienetre-naturel.com\/wp-content\/uploads\/2025\/11\/20251101_221448-300x246.jpg 300w, https:\/\/bienetre-naturel.com\/wp-content\/uploads\/2025\/11\/20251101_221448-768x631.jpg 768w\" sizes=\"(max-width: 1023px) 100vw, 1023px\" \/>\t\t\t\t\t\t\t\t\t\t\t\t\t\t\t<\/div>\n\t\t\t\t<\/div>\n\t\t\t\t<div class=\"elementor-element elementor-element-f7cb567 elementor-widget elementor-widget-text-editor\" data-id=\"f7cb567\" data-element_type=\"widget\" data-e-type=\"widget\" data-widget_type=\"text-editor.default\">\n\t\t\t\t<div class=\"elementor-widget-container\">\n\t\t\t\t\t\t\t\t\t<div data-olk-copy-source=\"MessageBody\">Le travail transg\u00e9n\u00e9rationnel est une d\u00e9marche d\u2019exploration de notre histoire familiale. Il permet de comprendre comment les exp\u00e9riences, croyances, blessures ou non-dits de nos anc\u00eatres continuent parfois d\u2019influencer notre vie actuelle.<\/div><div data-olk-copy-source=\"MessageBody\">\u00a0<\/div><div>Nous portons en nous des m\u00e9moires \u00e9motionnelles transmises de g\u00e9n\u00e9ration en g\u00e9n\u00e9ration, souvent de mani\u00e8re inconsciente. Ces h\u00e9ritages peuvent se manifester par des sch\u00e9mas r\u00e9p\u00e9titifs, des blocages, un sentiment de ne pas avancer, ou encore des difficult\u00e9s \u00e0 trouver sa place.<\/div><div>\u00a0<\/div><div>Prendre conscience de ces transmissions, c\u2019est d\u00e9j\u00e0 commencer \u00e0 s\u2019en lib\u00e9rer. Ce chemin int\u00e9rieur offre la possibilit\u00e9 de se r\u00e9concilier avec sa lign\u00e9e, de mieux comprendre son histoire personnelle et d\u2019accueillir une nouvelle \u00e9nergie de vie plus fluide et apais\u00e9e.<\/div><div>\u00a0<\/div><div><div data-olk-copy-source=\"MessageBody\">Lors des s\u00e9ances, tu vas \u00e0 la rencontre de ton histoire familiale \u00e0 travers diff\u00e9rents outils : questionnaires transg\u00e9n\u00e9rationnels, visualisations guid\u00e9es, \u00e9coute du ressenti corporel et \u00e9motionnel, et mise en lumi\u00e8re des liens et des r\u00e9p\u00e9titions.<\/div><div>Ces approches permettent d\u2019ouvrir un dialogue entre ton inconscient et ta lign\u00e9e, afin de reconna\u00eetre ce qui a \u00e9t\u00e9 transmis au-del\u00e0 des mots : croyances limitantes, peurs, dettes symboliques, loyaut\u00e9s invisibles ou \u00e9motions rest\u00e9es fig\u00e9es.<\/div><div>\u00a0<\/div><div>L\u2019objectif n\u2019est pas de juger ni de revivre le pass\u00e9, mais de le regarder avec conscience et douceur pour transformer ce qui entrave ton \u00e9lan de vie.<\/div><div>En mettant de la clart\u00e9 et de la compr\u00e9hension sur ces m\u00e9moires, tu peux les apaiser, t\u2019en d\u00e9tacher sans culpabilit\u00e9 et retrouver ton propre chemin, libre et align\u00e9.<\/div><div>\u00a0<\/div><div>Chaque s\u00e9ance est un espace d\u2019\u00e9coute, de lib\u00e9ration et de reconnexion \u00e0 toi-m\u00eame.<\/div><div>Peu \u00e0 peu, tu reprends ta juste place dans ta lign\u00e9e, tu t\u2019all\u00e8ges du poids \u00e9motionnel transmis, et tu laisses \u00e9merger ton \u00e9nergie vitale.<\/div><div>Ce processus t\u2019am\u00e8ne vers plus de paix int\u00e9rieure, de coh\u00e9rence et d\u2019ancrage dans le pr\u00e9sent.<\/div><div>C\u2019est une v\u00e9ritable renaissance, une mani\u00e8re d\u2019honorer ton histoire tout en t\u2019autorisant \u00e0 \u00e9crire la tienne en conscience.<\/div><div>\u00a0<\/div><div><div data-olk-copy-source=\"MessageBody\">Si tu ressens l\u2019appel d\u2019explorer ton histoire familiale et de lib\u00e9rer ce qui freine ton \u00e9panouissement, je t\u2019accueille lors de s\u00e9ances personnalis\u00e9es, adapt\u00e9es \u00e0 ton rythme et \u00e0 tes besoins. \u00a0Au fil de ce parcours, des messages de ta lign\u00e9e pourront \u00eatre mis en lumi\u00e8re pour t&rsquo;aider \u00e0 retrouver ton \u00e9quilibre, ta s\u00e9r\u00e9nit\u00e9 et ta pleine puissance de vie.<\/div><\/div><\/div><div data-olk-copy-source=\"MessageBody\">\u00a0<\/div>\t\t\t\t\t\t\t\t<\/div>\n\t\t\t\t<\/div>\n\t\t\t\t<div class=\"elementor-element elementor-element-fa0ee9e elementor-widget elementor-widget-text-editor\" data-id=\"fa0ee9e\" data-element_type=\"widget\" data-e-type=\"widget\" data-widget_type=\"text-editor.default\">\n\t\t\t\t<div class=\"elementor-widget-container\">\n\t\t\t\t\t\t\t\t\t<div data-olk-copy-source=\"MessageBody\">Le travail transg\u00e9n\u00e9rationnel se d\u00e9roule en trois s\u00e9ances, durant lesquels des exercices seront r\u00e9alis\u00e9s.<\/div><div data-olk-copy-source=\"MessageBody\">La premi\u00e8re a une dur\u00e9e de 2h, la deuxi\u00e8me sera de 1h30 et la troisi\u00e8me aura un temps de 2h.<\/div><div data-olk-copy-source=\"MessageBody\">\u00a0<\/div><div data-olk-copy-source=\"MessageBody\"><span data-olk-copy-source=\"MessageBody\">Le tarif pour les trois s\u00e9ances est de 250 euros.<\/span><\/div><div data-olk-copy-source=\"MessageBody\">Le paiement peut s&rsquo;effectuer en plusieurs fois<\/div><div>\u00a0<\/div>\t\t\t\t\t\t\t\t<\/div>\n\t\t\t\t<\/div>\n\t\t\t\t\t<\/div>\n\t\t<\/div>\n\t\t\t\t\t<\/div>\n\t\t<\/section>\n\t\t\t\t<\/div>\n\t\t","protected":false},"excerpt":{"rendered":"<p>Transg\u00e9n\u00e9rationnel Explorer sa lign\u00e9e familiale pour mieux se conna\u00eetre.\u200b Le travail transg\u00e9n\u00e9rationnel est une d\u00e9marche d\u2019exploration de notre histoire familiale. Il permet de comprendre comment les exp\u00e9riences, croyances, blessures ou non-dits de nos anc\u00eatres continuent parfois d\u2019influencer notre vie actuelle.\u00a0Nous portons en nous des m\u00e9moires \u00e9motionnelles transmises de g\u00e9n\u00e9ration en g\u00e9n\u00e9ration, souvent de mani\u00e8re inconsciente. [&hellip;]<\/p>\n","protected":false},"author":1,"featured_media":0,"parent":0,"menu_order":5,"comment_status":"closed","ping_status":"closed","template":"","meta":{"om_disable_all_campaigns":false,"_monsterinsights_skip_tracking":false,"_monsterinsights_sitenote_active":false,"_monsterinsights_sitenote_note":"","_monsterinsights_sitenote_category":0,"site-sidebar-layout":"no-sidebar","site-content-layout":"page-builder","ast-site-content-layout":"default","site-content-style":"default","site-sidebar-style":"default","ast-global-header-display":"","ast-banner-title-visibility":"","ast-main-header-display":"","ast-hfb-above-header-display":"","ast-hfb-below-header-display":"","ast-hfb-mobile-header-display":"","site-post-title":"disabled","ast-breadcrumbs-content":"","ast-featured-img":"disabled","footer-sml-layout":"","theme-transparent-header-meta":"enabled","adv-header-id-meta":"","stick-header-meta":"","header-above-stick-meta":"","header-main-stick-meta":"","header-below-stick-meta":"","astra-migrate-meta-layouts":"default","ast-page-background-enabled":"default","ast-page-background-meta":{"desktop":{"background-color":"","background-image":"","background-repeat":"repeat","background-position":"center center","background-size":"auto","background-attachment":"scroll","background-type":"","background-media":"","overlay-type":"","overlay-color":"","overlay-opacity":"","overlay-gradient":""},"tablet":{"background-color":"","background-image":"","background-repeat":"repeat","background-position":"center center","background-size":"auto","background-attachment":"scroll","background-type":"","background-media":"","overlay-type":"","overlay-color":"","overlay-opacity":"","overlay-gradient":""},"mobile":{"background-color":"","background-image":"","background-repeat":"repeat","background-position":"center center","background-size":"auto","background-attachment":"scroll","background-type":"","background-media":"","overlay-type":"","overlay-color":"","overlay-opacity":"","overlay-gradient":""}},"ast-content-background-meta":{"desktop":{"background-color":"var(--ast-global-color-5)","background-image":"","background-repeat":"repeat","background-position":"center center","background-size":"auto","background-attachment":"scroll","background-type":"","background-media":"","overlay-type":"","overlay-color":"","overlay-opacity":"","overlay-gradient":""},"tablet":{"background-color":"var(--ast-global-color-5)","background-image":"","background-repeat":"repeat","background-position":"center center","background-size":"auto","background-attachment":"scroll","background-type":"","background-media":"","overlay-type":"","overlay-color":"","overlay-opacity":"","overlay-gradient":""},"mobile":{"background-color":"var(--ast-global-color-5)","background-image":"","background-repeat":"repeat","background-position":"center center","background-size":"auto","background-attachment":"scroll","background-type":"","background-media":"","overlay-type":"","overlay-color":"","overlay-opacity":"","overlay-gradient":""}},"footnotes":""},"class_list":["post-486","page","type-page","status-publish","hentry"],"aioseo_notices":[],"_links":{"self":[{"href":"https:\/\/bienetre-naturel.com\/index.php\/wp-json\/wp\/v2\/pages\/486","targetHints":{"allow":["GET"]}}],"collection":[{"href":"https:\/\/bienetre-naturel.com\/index.php\/wp-json\/wp\/v2\/pages"}],"about":[{"href":"https:\/\/bienetre-naturel.com\/index.php\/wp-json\/wp\/v2\/types\/page"}],"author":[{"embeddable":true,"href":"https:\/\/bienetre-naturel.com\/index.php\/wp-json\/wp\/v2\/users\/1"}],"replies":[{"embeddable":true,"href":"https:\/\/bienetre-naturel.com\/index.php\/wp-json\/wp\/v2\/comments?post=486"}],"version-history":[{"count":157,"href":"https:\/\/bienetre-naturel.com\/index.php\/wp-json\/wp\/v2\/pages\/486\/revisions"}],"predecessor-version":[{"id":1952,"href":"https:\/\/bienetre-naturel.com\/index.php\/wp-json\/wp\/v2\/pages\/486\/revisions\/1952"}],"wp:attachment":[{"href":"https:\/\/bienetre-naturel.com\/index.php\/wp-json\/wp\/v2\/media?parent=486"}],"curies":[{"name":"wp","href":"https:\/\/api.w.org\/{rel}","templated":true}]}}