{"id":10,"date":"2021-04-29T07:04:54","date_gmt":"2021-04-29T07:04:54","guid":{"rendered":"http:\/\/bienetre-naturel.com\/index.php\/services\/"},"modified":"2025-11-02T22:26:16","modified_gmt":"2025-11-02T21:26:16","slug":"services","status":"publish","type":"page","link":"https:\/\/bienetre-naturel.com\/index.php\/services\/","title":{"rendered":"Soin Lahochi"},"content":{"rendered":"\t\t<div data-elementor-type=\"wp-page\" data-elementor-id=\"10\" class=\"elementor elementor-10\">\n\t\t\t\t\t\t<section class=\"elementor-section elementor-top-section elementor-element elementor-element-ce0d78f elementor-section-content-middle elementor-section-boxed elementor-section-height-default elementor-section-height-default\" data-id=\"ce0d78f\" data-element_type=\"section\" data-e-type=\"section\" data-settings=\"{&quot;background_background&quot;:&quot;classic&quot;}\">\n\t\t\t\t\t\t\t<div class=\"elementor-background-overlay\"><\/div>\n\t\t\t\t\t\t\t<div class=\"elementor-container elementor-column-gap-default\">\n\t\t\t\t\t<div class=\"elementor-column elementor-col-100 elementor-top-column elementor-element elementor-element-65935f8\" data-id=\"65935f8\" data-element_type=\"column\" data-e-type=\"column\">\n\t\t\t<div class=\"elementor-widget-wrap elementor-element-populated\">\n\t\t\t\t\t\t<div class=\"elementor-element elementor-element-b9db482 elementor-widget elementor-widget-heading\" data-id=\"b9db482\" data-element_type=\"widget\" data-e-type=\"widget\" data-widget_type=\"heading.default\">\n\t\t\t\t<div class=\"elementor-widget-container\">\n\t\t\t\t\t<h1 class=\"elementor-heading-title elementor-size-default\">Soin Lahochi<\/h1>\t\t\t\t<\/div>\n\t\t\t\t<\/div>\n\t\t\t\t\t<\/div>\n\t\t<\/div>\n\t\t\t\t\t<\/div>\n\t\t<\/section>\n\t\t\t\t<section class=\"elementor-section elementor-top-section elementor-element elementor-element-1387934 elementor-section-boxed elementor-section-height-default elementor-section-height-default\" data-id=\"1387934\" data-element_type=\"section\" data-e-type=\"section\">\n\t\t\t\t\t\t<div class=\"elementor-container elementor-column-gap-default\">\n\t\t\t\t\t<div class=\"elementor-column elementor-col-100 elementor-top-column elementor-element elementor-element-3e77986\" data-id=\"3e77986\" data-element_type=\"column\" data-e-type=\"column\">\n\t\t\t<div class=\"elementor-widget-wrap elementor-element-populated\">\n\t\t\t\t\t\t<div class=\"elementor-element elementor-element-b635c35 elementor-widget elementor-widget-heading\" data-id=\"b635c35\" data-element_type=\"widget\" data-e-type=\"widget\" data-widget_type=\"heading.default\">\n\t\t\t\t<div class=\"elementor-widget-container\">\n\t\t\t\t\t<h2 class=\"elementor-heading-title elementor-size-default\">Le Lahochi, une \u00e9nergie de lumi\u00e8re.<\/h2>\t\t\t\t<\/div>\n\t\t\t\t<\/div>\n\t\t\t\t\t<\/div>\n\t\t<\/div>\n\t\t\t\t\t<\/div>\n\t\t<\/section>\n\t\t\t\t<section class=\"elementor-section elementor-top-section elementor-element elementor-element-4f85e5f elementor-section-boxed elementor-section-height-default elementor-section-height-default\" data-id=\"4f85e5f\" data-element_type=\"section\" data-e-type=\"section\">\n\t\t\t\t\t\t<div class=\"elementor-container elementor-column-gap-default\">\n\t\t\t\t\t<div class=\"elementor-column elementor-col-100 elementor-top-column elementor-element elementor-element-aeacf3b\" data-id=\"aeacf3b\" data-element_type=\"column\" data-e-type=\"column\">\n\t\t\t<div class=\"elementor-widget-wrap elementor-element-populated\">\n\t\t\t\t\t\t<div class=\"elementor-element elementor-element-2242b0d elementor-widget elementor-widget-image\" data-id=\"2242b0d\" data-element_type=\"widget\" data-e-type=\"widget\" data-widget_type=\"image.default\">\n\t\t\t\t<div class=\"elementor-widget-container\">\n\t\t\t\t\t\t\t\t\t\t\t\t\t\t\t<img fetchpriority=\"high\" decoding=\"async\" width=\"683\" height=\"1024\" src=\"https:\/\/bienetre-naturel.com\/wp-content\/uploads\/2025\/11\/lahochi-683x1024.jpeg\" class=\"attachment-large size-large wp-image-1902\" alt=\"soin \u00e9nerg\u00e9tique, lahochi, le bien \u00eatre au naturel, mieux \u00eatre\" srcset=\"https:\/\/bienetre-naturel.com\/wp-content\/uploads\/2025\/11\/lahochi-683x1024.jpeg 683w, https:\/\/bienetre-naturel.com\/wp-content\/uploads\/2025\/11\/lahochi-200x300.jpeg 200w, https:\/\/bienetre-naturel.com\/wp-content\/uploads\/2025\/11\/lahochi-768x1151.jpeg 768w, https:\/\/bienetre-naturel.com\/wp-content\/uploads\/2025\/11\/lahochi.jpeg 800w\" sizes=\"(max-width: 683px) 100vw, 683px\" \/>\t\t\t\t\t\t\t\t\t\t\t\t\t\t\t<\/div>\n\t\t\t\t<\/div>\n\t\t\t\t\t<\/div>\n\t\t<\/div>\n\t\t\t\t\t<\/div>\n\t\t<\/section>\n\t\t\t\t<section class=\"elementor-section elementor-top-section elementor-element elementor-element-07031a1 elementor-section-boxed elementor-section-height-default elementor-section-height-default\" data-id=\"07031a1\" data-element_type=\"section\" data-e-type=\"section\">\n\t\t\t\t\t\t<div class=\"elementor-container elementor-column-gap-default\">\n\t\t\t\t\t<div class=\"elementor-column elementor-col-100 elementor-top-column elementor-element elementor-element-2267642\" data-id=\"2267642\" data-element_type=\"column\" data-e-type=\"column\">\n\t\t\t<div class=\"elementor-widget-wrap elementor-element-populated\">\n\t\t\t\t\t\t<div class=\"elementor-element elementor-element-e28ebcb elementor-widget elementor-widget-text-editor\" data-id=\"e28ebcb\" data-element_type=\"widget\" data-e-type=\"widget\" data-widget_type=\"text-editor.default\">\n\t\t\t\t<div class=\"elementor-widget-container\">\n\t\t\t\t\t\t\t\t\t<div title=\"Page 2\"><p><span style=\"font-style: inherit; background-color: var(--ast-global-color-4);\">Le Lahochi est une m\u00e9thode \u00e9nerg\u00e9tique naturelle qui agit par l&rsquo;apposition des mains pour lib\u00e9rer les blocages et r\u00e9tablir l&rsquo;harmonie du corps et de l&rsquo;esprit. Cette technique de haute fr\u00e9quence lumineuse apporte une \u00e9nergie de gu\u00e9rison qui agit \u00e0 la fois sur les plans physique, \u00e9motionnel et spirituel.\u00a0<\/span><\/p><p>Le Lahochi porte en lui une vibration particuli\u00e8re. \u00ab\u00a0<b>La<\/b>\u00a0\u00bb repr\u00e9sente la lumi\u00e8re, l\u2019amour et la sagesse des fr\u00e9quences les plus \u00e9lev\u00e9es, \u00ab\u00a0<b>Ho<\/b>\u00a0\u00bb symbolise le mouvement de cette \u00e9nergie, et \u00ab\u00a0<b>Chi<\/b>\u00a0\u00bb \u00e9voque la force vitale, l&rsquo;\u00e9nergie universelle de vie.<\/p><p>Ce soin accessible \u00e0 tous, favorise une transformation int\u00e9rieure en douceur. Il offre un espace de r\u00e9g\u00e9n\u00e9ration et de pr\u00e9vention pour pr\u00e9server l&rsquo;\u00e9quilibre, soutenir le d\u00e9veloppement personnel et ouvrir la conscience \u00e0 une vision plus claire et apais\u00e9e de soi et du monde.\u00a0<\/p><p>Lors de ces temps de bien-\u00eatre, chaque s\u00e9ance est un espace de rencontre o\u00f9 je me relie \u00e0 votre \u00e9nergie pour percevoir ce qui cherche \u00e0 \u00eatre lib\u00e9r\u00e9, harmonis\u00e9 ou apais\u00e9. Mes mains se font alors canal de lumi\u00e8re, guid\u00e9es avec justesse et douceur vers les zones du corps et de l&rsquo;\u00eatre qui en ont besoin.<\/p><p>Le Lahochi que je propose est un moment de recentrage, un retour \u00e0 soi, une invitation \u00e0 laisser circuler la vie \u00e0 nouveau avec fluidit\u00e9 et clart\u00e9. Au fil du la s\u00e9ance, l&rsquo;\u00e9nergie agit l\u00e0 o\u00f9 elle est n\u00e9cessaire, elle r\u00e9pare, \u00e9claire, all\u00e8ge et favorise un apaisement profond, un sentiment d&rsquo;unit\u00e9 et de paix int\u00e9rieure.<\/p><p>Ce soin peut \u00eatre re\u00e7u en pr\u00e9sentiel ou \u00e0 distance selon vos besoins et votre sensibilit\u00e9. Il peut aussi accompagner d&rsquo;autres pratiques \u00e9nerg\u00e9tiques ou th\u00e9rapeutiques pour soutenir un r\u00e9\u00e9quilibrage global et durable.<\/p><p>Le Lahochi favorise l&rsquo;activation du syst\u00e8me \u00e9nerg\u00e9tique et de revitalisation du corps. Il stimule le syst\u00e8me immunitaire, ouvre les centres d&rsquo;\u00e9nergie et soutient l&rsquo;\u00e9limination des toxines. Il aide \u00e9galement \u00e0 nettoyer et \u00e0 r\u00e9harmoniser les chakras, \u00e0 \u00e9quilibrer les fluides corporels et \u00e0 instaurer un \u00e9tat profond de d\u00e9tente, de clart\u00e9 et de paix int\u00e9rieure.<\/p><\/div>\t\t\t\t\t\t\t\t<\/div>\n\t\t\t\t<\/div>\n\t\t\t\t<div class=\"elementor-element elementor-element-76aab8a elementor-widget elementor-widget-text-editor\" data-id=\"76aab8a\" data-element_type=\"widget\" data-e-type=\"widget\" data-widget_type=\"text-editor.default\">\n\t\t\t\t<div class=\"elementor-widget-container\">\n\t\t\t\t\t\t\t\t\t<p>La s\u00e9ance adulte dure 1h30 (15 min d&rsquo;\u00e9changes afin de personnaliser la s\u00e9ance, 1h de soin, suivi de 15 min de discussion pour finaliser ce temps).<\/p><p><span style=\"font-style: inherit; color: var(--ast-global-color-3); background-color: var(--ast-global-color-4);\">Le tarif est de 70\u20ac. La s\u00e9ance enfant de 1h est au tarif de 55\u20ac.<\/span><\/p>\t\t\t\t\t\t\t\t<\/div>\n\t\t\t\t<\/div>\n\t\t\t\t\t<\/div>\n\t\t<\/div>\n\t\t\t\t\t<\/div>\n\t\t<\/section>\n\t\t\t\t<\/div>\n\t\t","protected":false},"excerpt":{"rendered":"<p>Soin Lahochi Le Lahochi, une \u00e9nergie de lumi\u00e8re. Le Lahochi est une m\u00e9thode \u00e9nerg\u00e9tique naturelle qui agit par l&rsquo;apposition des mains pour lib\u00e9rer les blocages et r\u00e9tablir l&rsquo;harmonie du corps et de l&rsquo;esprit. Cette technique de haute fr\u00e9quence lumineuse apporte une \u00e9nergie de gu\u00e9rison qui agit \u00e0 la fois sur les plans physique, \u00e9motionnel et [&hellip;]<\/p>\n","protected":false},"author":1,"featured_media":0,"parent":0,"menu_order":2,"comment_status":"closed","ping_status":"closed","template":"","meta":{"om_disable_all_campaigns":false,"_monsterinsights_skip_tracking":false,"_monsterinsights_sitenote_active":false,"_monsterinsights_sitenote_note":"","_monsterinsights_sitenote_category":0,"site-sidebar-layout":"no-sidebar","site-content-layout":"page-builder","ast-site-content-layout":"default","site-content-style":"default","site-sidebar-style":"default","ast-global-header-display":"","ast-banner-title-visibility":"","ast-main-header-display":"","ast-hfb-above-header-display":"","ast-hfb-below-header-display":"","ast-hfb-mobile-header-display":"","site-post-title":"disabled","ast-breadcrumbs-content":"","ast-featured-img":"disabled","footer-sml-layout":"","theme-transparent-header-meta":"enabled","adv-header-id-meta":"","stick-header-meta":"","header-above-stick-meta":"","header-main-stick-meta":"","header-below-stick-meta":"","astra-migrate-meta-layouts":"default","ast-page-background-enabled":"default","ast-page-background-meta":{"desktop":{"background-color":"","background-image":"","background-repeat":"repeat","background-position":"center center","background-size":"auto","background-attachment":"scroll","background-type":"","background-media":"","overlay-type":"","overlay-color":"","overlay-opacity":"","overlay-gradient":""},"tablet":{"background-color":"","background-image":"","background-repeat":"repeat","background-position":"center center","background-size":"auto","background-attachment":"scroll","background-type":"","background-media":"","overlay-type":"","overlay-color":"","overlay-opacity":"","overlay-gradient":""},"mobile":{"background-color":"","background-image":"","background-repeat":"repeat","background-position":"center center","background-size":"auto","background-attachment":"scroll","background-type":"","background-media":"","overlay-type":"","overlay-color":"","overlay-opacity":"","overlay-gradient":""}},"ast-content-background-meta":{"desktop":{"background-color":"var(--ast-global-color-5)","background-image":"","background-repeat":"repeat","background-position":"center center","background-size":"auto","background-attachment":"scroll","background-type":"","background-media":"","overlay-type":"","overlay-color":"","overlay-opacity":"","overlay-gradient":""},"tablet":{"background-color":"var(--ast-global-color-5)","background-image":"","background-repeat":"repeat","background-position":"center center","background-size":"auto","background-attachment":"scroll","background-type":"","background-media":"","overlay-type":"","overlay-color":"","overlay-opacity":"","overlay-gradient":""},"mobile":{"background-color":"var(--ast-global-color-5)","background-image":"","background-repeat":"repeat","background-position":"center center","background-size":"auto","background-attachment":"scroll","background-type":"","background-media":"","overlay-type":"","overlay-color":"","overlay-opacity":"","overlay-gradient":""}},"footnotes":""},"class_list":["post-10","page","type-page","status-publish","hentry"],"aioseo_notices":[],"_links":{"self":[{"href":"https:\/\/bienetre-naturel.com\/index.php\/wp-json\/wp\/v2\/pages\/10","targetHints":{"allow":["GET"]}}],"collection":[{"href":"https:\/\/bienetre-naturel.com\/index.php\/wp-json\/wp\/v2\/pages"}],"about":[{"href":"https:\/\/bienetre-naturel.com\/index.php\/wp-json\/wp\/v2\/types\/page"}],"author":[{"embeddable":true,"href":"https:\/\/bienetre-naturel.com\/index.php\/wp-json\/wp\/v2\/users\/1"}],"replies":[{"embeddable":true,"href":"https:\/\/bienetre-naturel.com\/index.php\/wp-json\/wp\/v2\/comments?post=10"}],"version-history":[{"count":151,"href":"https:\/\/bienetre-naturel.com\/index.php\/wp-json\/wp\/v2\/pages\/10\/revisions"}],"predecessor-version":[{"id":1937,"href":"https:\/\/bienetre-naturel.com\/index.php\/wp-json\/wp\/v2\/pages\/10\/revisions\/1937"}],"wp:attachment":[{"href":"https:\/\/bienetre-naturel.com\/index.php\/wp-json\/wp\/v2\/media?parent=10"}],"curies":[{"name":"wp","href":"https:\/\/api.w.org\/{rel}","templated":true}]}}